{"id":693,"date":"2023-10-14T12:58:59","date_gmt":"2023-10-14T10:58:59","guid":{"rendered":"https:\/\/akendeba.com\/?page_id=693"},"modified":"2024-08-23T12:19:35","modified_gmt":"2024-08-23T10:19:35","slug":"offre-de-services-web-analys","status":"publish","type":"page","link":"https:\/\/akendeba.com\/index.php\/offre-de-services-web-analys\/","title":{"rendered":"Notre Offre"},"content":{"rendered":"\n<p>Cher client potentiel,<\/p>\n\n\n\n<p>Chez&nbsp;<strong>Akendeba<\/strong>, nous comprenons que chaque entreprise est unique, tout comme ses besoins en mati\u00e8re d\u2019analyse web. C\u2019est pourquoi nous avons d\u00e9velopp\u00e9 une gamme de services sur mesure con\u00e7us pour r\u00e9pondre aux exigences sp\u00e9cifiques de notre cible principale : les entreprises en ligne.<\/p>\n\n\n\n<p><strong>Notre Cible : Vous<\/strong><\/p>\n\n\n\n<p>Nous ciblons principalement les entreprises qui cherchent \u00e0 maximiser leur pr\u00e9sence en ligne et \u00e0 exploiter pleinement le potentiel du monde num\u00e9rique. Que vous soyez une startup en pleine croissance, une PME \u00e9tablie, ou une grande entreprise multinationale, nous sommes l\u00e0 pour vous aider \u00e0 r\u00e9ussir dans cet environnement en constante \u00e9volution.<\/p>\n\n\n\n<p><strong>R\u00e9pondre \u00e0 Vos Besoins Uniques<\/strong><\/p>\n\n\n\n<p>Chez Akendeba, nous savons que chaque entreprise a des besoins uniques en mati\u00e8re d\u2019analyse web. C\u2019est pourquoi nous offrons une gamme compl\u00e8te de services qui peuvent \u00eatre adapt\u00e9s pour r\u00e9pondre \u00e0 vos objectifs sp\u00e9cifiques :<\/p>\n\n\n\n<p>Nous offrons une gamme compl\u00e8te de services d&rsquo;analyse web, comprenant :<\/p>\n\n\n\n<ul class=\"wp-block-list\">\n<li><strong>Analyse de Donn\u00e9es Web<\/strong> : Transformez des donn\u00e9es brutes en informations exploitables pour guider vos d\u00e9cisions strat\u00e9giques.<\/li>\n\n\n\n<li><strong>Optimisation de Sites Web<\/strong> : Rendez votre site plus efficace, convivial et r\u00e9actif pour votre public, o\u00f9 qu&rsquo;il se trouve.<\/li>\n\n\n\n<li><strong>Suivi des M\u00e9dias Sociaux<\/strong> : G\u00e9rez votre r\u00e9putation en ligne et exploitez les opportunit\u00e9s offertes par les m\u00e9dias sociaux \u00e0 l&rsquo;\u00e9chelle internationale.<\/li>\n\n\n\n<li><strong>Optimisation Continue<\/strong>: L&rsquo;optimisation continue est un \u00e9l\u00e9ment cl\u00e9 de nos services. Une fois que des donn\u00e9es ont \u00e9t\u00e9 collect\u00e9es et analys\u00e9es, nous utilisons ces informations pour apporter des am\u00e9liorations continues \u00e0 votre strat\u00e9gie en ligne. Cela permet d&rsquo;obtenir des r\u00e9sultats durables et de s&rsquo;adapter aux \u00e9volutions du march\u00e9.<\/li>\n\n\n\n<li><strong>Personnalisation de la Strat\u00e9gie<\/strong> Nos services ne proposent pas de solutions g\u00e9n\u00e9riques. Nous travaillons en \u00e9troite collaboration avec chaque client pour \u00e9laborer une strat\u00e9gie sur mesure. En comprenant les objectifs sp\u00e9cifiques de l&rsquo;entreprise, nous pouvons adapter notre approche pour maximiser les r\u00e9sultats. Que vous cherchiez \u00e0 optimiser votre site web, \u00e0 comprendre vos clients ou \u00e0 planifier une campagne marketing, Akendeba peut vous aider \u00e0 atteindre vos objectifs.<\/li>\n\n\n\n<li><strong>Optimisation des Campagnes Publicitaires en Ligne<\/strong> : Un autre domaine cl\u00e9 de l&rsquo;expertise d&rsquo;Akendeba est l&rsquo;optimisation des campagnes publicitaires en ligne. Nous savons que les campagnes publicitaires bien con\u00e7ues peuvent faire la diff\u00e9rence en mati\u00e8re de visibilit\u00e9 et de rentabilit\u00e9 pour votre entreprise. Gr\u00e2ce \u00e0 une analyse minutieuse des donn\u00e9es, nous identifions ce qui fonctionne le mieux et ce qui peut \u00eatre am\u00e9lior\u00e9, afin d&rsquo;ajuster vos campagnes en temps r\u00e9el. Cela signifie des publicit\u00e9s plus efficaces, des budgets publicitaires mieux g\u00e9r\u00e9s et des r\u00e9sultats mesurables. <\/li>\n<\/ul>\n\n\n\n<p><strong>Des Recommandations Strat\u00e9giques \u00c9clair\u00e9es<\/strong><\/p>\n\n\n\n<p>Nous ne nous contentons pas de fournir des rapports d\u00e9taill\u00e9s, nous vous proposons \u00e9galement des recommandations strat\u00e9giques pratiques. Notre objectif est de vous aider \u00e0 prendre des d\u00e9cisions \u00e9clair\u00e9es pour optimiser votre pr\u00e9sence en ligne.<\/p>\n\n\n\n<p><strong>Formation Personnalis\u00e9e<\/strong><\/p>\n\n\n\n<p>En plus de nos services, nous proposons des programmes de formation personnalis\u00e9s pour renforcer les comp\u00e9tences de votre \u00e9quipe en analyse web.<\/p>\n\n\n\n<p><strong>Les Avantages pour Vous<\/strong><\/p>\n\n\n\n<p>Chez <strong>Akendeba<\/strong>, nous incarnons bien plus qu&rsquo;un cabinet de conseil en analyse web. Nous sommes des partenaires de confiance qui vous guideront dans l&rsquo;univers en constante \u00e9volution d&rsquo;Internet. Nous sommes passionn\u00e9s par votre succ\u00e8s, et notre expertise est \u00e0 votre service.<\/p>\n\n\n\n<p>En faisant appel \u00e0&nbsp;<strong>Akendeba<\/strong>, vous b\u00e9n\u00e9ficierez des avantages suivants :<\/p>\n\n\n\n<ul class=\"wp-block-list\">\n<li>Prise de d\u00e9cision \u00e9clair\u00e9e bas\u00e9e sur des donn\u00e9es concr\u00e8tes.<\/li>\n\n\n\n<li>Am\u00e9lioration de l\u2019efficacit\u00e9 op\u00e9rationnelle et budg\u00e9taire.<\/li>\n\n\n\n<li>Personnalisation de vos offres pour fid\u00e9liser davantage de clients.<\/li>\n\n\n\n<li>Croissance et rentabilit\u00e9 accrues dans l\u2019\u00e9conomie num\u00e9rique.<\/li>\n<\/ul>\n\n\n\n<p><\/p>\n\n\n\n<p>Contactez-nous d\u00e8s aujourd\u2019hui pour discuter de vos besoins sp\u00e9cifiques et d\u00e9couvrir comment nous pouvons vous aider \u00e0 atteindre vos objectifs en ligne.<\/p>\n\n\n\n<p>Ne laissez pas l\u2019opportunit\u00e9 de maximiser votre pr\u00e9sence en ligne passer \u00e0 c\u00f4t\u00e9.&nbsp;<strong>Akendeba<\/strong>&nbsp;est l\u00e0 pour vous.<\/p>\n","protected":false},"excerpt":{"rendered":"<p>Cher client potentiel, Chez&nbsp;Akendeba, nous comprenons que chaque entreprise est unique, tout comme ses besoins en mati\u00e8re d\u2019analyse web. C\u2019est pourquoi nous avons d\u00e9velopp\u00e9 une gamme de services sur mesure con\u00e7us pour r\u00e9pondre aux exigences sp\u00e9cifiques de notre cible principale : les entreprises en ligne. Notre Cible : Vous Nous ciblons principalement les entreprises qui [&hellip;]<\/p>\n","protected":false},"author":1,"featured_media":0,"parent":0,"menu_order":0,"comment_status":"closed","ping_status":"closed","template":"","meta":{"content-type":"","footnotes":""},"class_list":["post-693","page","type-page","status-publish","hentry"],"yoast_head":"<!-- This site is optimized with the Yoast SEO plugin v23.3 - https:\/\/yoast.com\/wordpress\/plugins\/seo\/ -->\n<title>Notre Offre - Akendeba | Web Analyse | C\u00f4te d&#039;ivoire | Abidjan | Web Analytics | Ecommerce<\/title>\n<meta name=\"description\" content=\"Akendeba optimise vos donn\u00e9es, sites web, r\u00e9seaux sociaux et campagnes publicitaires pour des r\u00e9sultats durables.\" \/>\n<meta name=\"robots\" content=\"index, follow, max-snippet:-1, max-image-preview:large, max-video-preview:-1\" \/>\n<link rel=\"canonical\" href=\"https:\/\/akendeba.com\/index.php\/offre-de-services-web-analys\/\" \/>\n<meta property=\"og:locale\" content=\"fr_FR\" \/>\n<meta property=\"og:type\" content=\"article\" \/>\n<meta property=\"og:title\" content=\"Notre Offre - Akendeba | Web Analyse | C\u00f4te d&#039;ivoire | Abidjan | Web Analytics | Ecommerce\" \/>\n<meta property=\"og:description\" content=\"Akendeba optimise vos donn\u00e9es, sites web, r\u00e9seaux sociaux et campagnes publicitaires pour des r\u00e9sultats durables.\" \/>\n<meta property=\"og:url\" content=\"https:\/\/akendeba.com\/index.php\/offre-de-services-web-analys\/\" \/>\n<meta property=\"og:site_name\" content=\"Akendeba | Web Analyse | C\u00f4te d&#039;ivoire | Abidjan | Web Analytics | Ecommerce\" \/>\n<meta property=\"article:publisher\" content=\"https:\/\/www.facebook.com\/profile.php?id=100079108060847\" \/>\n<meta property=\"article:modified_time\" content=\"2024-08-23T10:19:35+00:00\" \/>\n<meta name=\"twitter:card\" content=\"summary_large_image\" \/>\n<meta name=\"twitter:label1\" content=\"Dur\u00e9e de lecture estim\u00e9e\" \/>\n\t<meta name=\"twitter:data1\" content=\"4 minutes\" \/>\n<script type=\"application\/ld+json\" class=\"yoast-schema-graph\">{\"@context\":\"https:\/\/schema.org\",\"@graph\":[{\"@type\":[\"WebPage\",\"AboutPage\"],\"@id\":\"https:\/\/akendeba.com\/index.php\/offre-de-services-web-analys\/\",\"url\":\"https:\/\/akendeba.com\/index.php\/offre-de-services-web-analys\/\",\"name\":\"Notre Offre - Akendeba | Web Analyse | C\u00f4te d&#039;ivoire | Abidjan | Web Analytics | Ecommerce\",\"isPartOf\":{\"@id\":\"https:\/\/akendeba.com\/#website\"},\"datePublished\":\"2023-10-14T10:58:59+00:00\",\"dateModified\":\"2024-08-23T10:19:35+00:00\",\"description\":\"Akendeba optimise vos donn\u00e9es, sites web, r\u00e9seaux sociaux et campagnes publicitaires pour des r\u00e9sultats durables.\",\"breadcrumb\":{\"@id\":\"https:\/\/akendeba.com\/index.php\/offre-de-services-web-analys\/#breadcrumb\"},\"inLanguage\":\"fr-FR\",\"potentialAction\":[{\"@type\":\"ReadAction\",\"target\":[\"https:\/\/akendeba.com\/index.php\/offre-de-services-web-analys\/\"]}]},{\"@type\":\"BreadcrumbList\",\"@id\":\"https:\/\/akendeba.com\/index.php\/offre-de-services-web-analys\/#breadcrumb\",\"itemListElement\":[{\"@type\":\"ListItem\",\"position\":1,\"name\":\"Accueil\",\"item\":\"https:\/\/akendeba.com\/\"},{\"@type\":\"ListItem\",\"position\":2,\"name\":\"Notre Offre\"}]},{\"@type\":\"WebSite\",\"@id\":\"https:\/\/akendeba.com\/#website\",\"url\":\"https:\/\/akendeba.com\/\",\"name\":\"Akendeba | Web Analyse | C\u00f4te d'ivoire | Abidjan | Web Analytics | Ecommerce\",\"description\":\"Boostez votre transformation digitale avec des services sur mesure en web analyse, gestion de trafic et tracking.\",\"publisher\":{\"@id\":\"https:\/\/akendeba.com\/#organization\"},\"potentialAction\":[{\"@type\":\"SearchAction\",\"target\":{\"@type\":\"EntryPoint\",\"urlTemplate\":\"https:\/\/akendeba.com\/?s={search_term_string}\"},\"query-input\":\"required name=search_term_string\"}],\"inLanguage\":\"fr-FR\"},{\"@type\":\"Organization\",\"@id\":\"https:\/\/akendeba.com\/#organization\",\"name\":\"Akendeba | Web Analyse | C\u00f4te d'ivoire | Abidjan | Web Analytics | Ecommerce | Tracking\",\"alternateName\":\"Akendeba | Web Analyse | Tracking |C\u00f4te d'ivoire | Abidjan\",\"url\":\"https:\/\/akendeba.com\/\",\"logo\":{\"@type\":\"ImageObject\",\"inLanguage\":\"fr-FR\",\"@id\":\"https:\/\/akendeba.com\/#\/schema\/logo\/image\/\",\"url\":\"https:\/\/akendeba.com\/wp-content\/uploads\/2024\/08\/Akendeba-3_logo.png\",\"contentUrl\":\"https:\/\/akendeba.com\/wp-content\/uploads\/2024\/08\/Akendeba-3_logo.png\",\"width\":500,\"height\":500,\"caption\":\"Akendeba | Web Analyse | C\u00f4te d'ivoire | Abidjan | Web Analytics | Ecommerce | Tracking\"},\"image\":{\"@id\":\"https:\/\/akendeba.com\/#\/schema\/logo\/image\/\"},\"sameAs\":[\"https:\/\/www.facebook.com\/profile.php?id=100079108060847\"]}]}<\/script>\n<!-- \/ Yoast SEO plugin. -->","yoast_head_json":{"title":"Notre Offre - Akendeba | Web Analyse | C\u00f4te d&#039;ivoire | Abidjan | Web Analytics | Ecommerce","description":"Akendeba optimise vos donn\u00e9es, sites web, r\u00e9seaux sociaux et campagnes publicitaires pour des r\u00e9sultats durables.","robots":{"index":"index","follow":"follow","max-snippet":"max-snippet:-1","max-image-preview":"max-image-preview:large","max-video-preview":"max-video-preview:-1"},"canonical":"https:\/\/akendeba.com\/index.php\/offre-de-services-web-analys\/","og_locale":"fr_FR","og_type":"article","og_title":"Notre Offre - Akendeba | Web Analyse | C\u00f4te d&#039;ivoire | Abidjan | Web Analytics | Ecommerce","og_description":"Akendeba optimise vos donn\u00e9es, sites web, r\u00e9seaux sociaux et campagnes publicitaires pour des r\u00e9sultats durables.","og_url":"https:\/\/akendeba.com\/index.php\/offre-de-services-web-analys\/","og_site_name":"Akendeba | Web Analyse | C\u00f4te d&#039;ivoire | Abidjan | Web Analytics | Ecommerce","article_publisher":"https:\/\/www.facebook.com\/profile.php?id=100079108060847","article_modified_time":"2024-08-23T10:19:35+00:00","twitter_card":"summary_large_image","twitter_misc":{"Dur\u00e9e de lecture estim\u00e9e":"4 minutes"},"schema":{"@context":"https:\/\/schema.org","@graph":[{"@type":["WebPage","AboutPage"],"@id":"https:\/\/akendeba.com\/index.php\/offre-de-services-web-analys\/","url":"https:\/\/akendeba.com\/index.php\/offre-de-services-web-analys\/","name":"Notre Offre - Akendeba | Web Analyse | C\u00f4te d&#039;ivoire | Abidjan | Web Analytics | Ecommerce","isPartOf":{"@id":"https:\/\/akendeba.com\/#website"},"datePublished":"2023-10-14T10:58:59+00:00","dateModified":"2024-08-23T10:19:35+00:00","description":"Akendeba optimise vos donn\u00e9es, sites web, r\u00e9seaux sociaux et campagnes publicitaires pour des r\u00e9sultats durables.","breadcrumb":{"@id":"https:\/\/akendeba.com\/index.php\/offre-de-services-web-analys\/#breadcrumb"},"inLanguage":"fr-FR","potentialAction":[{"@type":"ReadAction","target":["https:\/\/akendeba.com\/index.php\/offre-de-services-web-analys\/"]}]},{"@type":"BreadcrumbList","@id":"https:\/\/akendeba.com\/index.php\/offre-de-services-web-analys\/#breadcrumb","itemListElement":[{"@type":"ListItem","position":1,"name":"Accueil","item":"https:\/\/akendeba.com\/"},{"@type":"ListItem","position":2,"name":"Notre Offre"}]},{"@type":"WebSite","@id":"https:\/\/akendeba.com\/#website","url":"https:\/\/akendeba.com\/","name":"Akendeba | Web Analyse | C\u00f4te d'ivoire | Abidjan | Web Analytics | Ecommerce","description":"Boostez votre transformation digitale avec des services sur mesure en web analyse, gestion de trafic et tracking.","publisher":{"@id":"https:\/\/akendeba.com\/#organization"},"potentialAction":[{"@type":"SearchAction","target":{"@type":"EntryPoint","urlTemplate":"https:\/\/akendeba.com\/?s={search_term_string}"},"query-input":"required name=search_term_string"}],"inLanguage":"fr-FR"},{"@type":"Organization","@id":"https:\/\/akendeba.com\/#organization","name":"Akendeba | Web Analyse | C\u00f4te d'ivoire | Abidjan | Web Analytics | Ecommerce | Tracking","alternateName":"Akendeba | Web Analyse | Tracking |C\u00f4te d'ivoire | Abidjan","url":"https:\/\/akendeba.com\/","logo":{"@type":"ImageObject","inLanguage":"fr-FR","@id":"https:\/\/akendeba.com\/#\/schema\/logo\/image\/","url":"https:\/\/akendeba.com\/wp-content\/uploads\/2024\/08\/Akendeba-3_logo.png","contentUrl":"https:\/\/akendeba.com\/wp-content\/uploads\/2024\/08\/Akendeba-3_logo.png","width":500,"height":500,"caption":"Akendeba | Web Analyse | C\u00f4te d'ivoire | Abidjan | Web Analytics | Ecommerce | Tracking"},"image":{"@id":"https:\/\/akendeba.com\/#\/schema\/logo\/image\/"},"sameAs":["https:\/\/www.facebook.com\/profile.php?id=100079108060847"]}]}},"_links":{"self":[{"href":"https:\/\/akendeba.com\/index.php\/wp-json\/wp\/v2\/pages\/693"}],"collection":[{"href":"https:\/\/akendeba.com\/index.php\/wp-json\/wp\/v2\/pages"}],"about":[{"href":"https:\/\/akendeba.com\/index.php\/wp-json\/wp\/v2\/types\/page"}],"author":[{"embeddable":true,"href":"https:\/\/akendeba.com\/index.php\/wp-json\/wp\/v2\/users\/1"}],"replies":[{"embeddable":true,"href":"https:\/\/akendeba.com\/index.php\/wp-json\/wp\/v2\/comments?post=693"}],"version-history":[{"count":7,"href":"https:\/\/akendeba.com\/index.php\/wp-json\/wp\/v2\/pages\/693\/revisions"}],"predecessor-version":[{"id":773,"href":"https:\/\/akendeba.com\/index.php\/wp-json\/wp\/v2\/pages\/693\/revisions\/773"}],"wp:attachment":[{"href":"https:\/\/akendeba.com\/index.php\/wp-json\/wp\/v2\/media?parent=693"}],"curies":[{"name":"wp","href":"https:\/\/api.w.org\/{rel}","templated":true}]}}