{"id":604,"date":"2021-09-23T20:48:52","date_gmt":"2021-09-23T18:48:52","guid":{"rendered":"https:\/\/akendeba.com\/?page_id=604"},"modified":"2024-08-23T12:19:56","modified_gmt":"2024-08-23T10:19:56","slug":"contacts","status":"publish","type":"page","link":"https:\/\/akendeba.com\/index.php\/contacts\/","title":{"rendered":"Contacts"},"content":{"rendered":"\n<div class=\"forminator-guttenberg\"><div class=\"forminator-ui forminator-custom-form forminator-custom-form-765 forminator-design--default  forminator_ajax\" data-forminator-render=\"0\" data-form=\"forminator-module-765\" data-uid=\"69dfdda31c83b\"><br\/><\/div><form\n\t\t\t\tid=\"forminator-module-765\"\n\t\t\t\tclass=\"forminator-ui forminator-custom-form forminator-custom-form-765 forminator-design--default  forminator_ajax\"\n\t\t\t\tmethod=\"post\"\n\t\t\t\tdata-forminator-render=\"0\"\n\t\t\t\tdata-form-id=\"765\"\n\t\t\t\t\n\t\t\t\tdata-design=\"default\"\n\t\t\t\t\n\t\t\t\t\n\t\t\t\t\n\t\t\t\tdata-grid=\"open\"\n\t\t\t\t\n\t\t\t\t\n\t\t\t\tstyle=\"display: none;\"\n\t\t\t\t\n\t\t\t\tdata-uid=\"69dfdda31c83b\"\n\t\t\t><div role=\"alert\" aria-live=\"polite\" class=\"forminator-response-message forminator-error\" aria-hidden=\"true\"><\/div><div class=\"forminator-row\"><div id=\"name-1\" class=\"forminator-field-name forminator-col forminator-col-12 \"><div class=\"forminator-field\"><label for=\"forminator-field-name-1_69dfdda31c83b\" id=\"forminator-field-name-1_69dfdda31c83b-label\" class=\"forminator-label\">Pr\u00e9nom <span class=\"forminator-required\">*<\/span><\/label><input type=\"text\" name=\"name-1\" value=\"\" placeholder=\"Par exemple\u00a0: Jean\" id=\"forminator-field-name-1_69dfdda31c83b\" class=\"forminator-input forminator-name--field\" aria-required=\"true\" \/><\/div><\/div><\/div><div class=\"forminator-row\"><div id=\"email-1\" class=\"forminator-field-email forminator-col forminator-col-12 \"><div class=\"forminator-field\"><label for=\"forminator-field-email-1_69dfdda31c83b\" id=\"forminator-field-email-1_69dfdda31c83b-label\" class=\"forminator-label\">Adresse de messagerie <span class=\"forminator-required\">*<\/span><\/label><input type=\"email\" name=\"email-1\" value=\"\" placeholder=\"Par exemple\u00a0: jacques@martin.com\" id=\"forminator-field-email-1_69dfdda31c83b\" class=\"forminator-input forminator-email--field\" data-required=\"true\" aria-required=\"true\" \/><\/div><\/div><\/div><div class=\"forminator-row\"><div id=\"phone-1\" class=\"forminator-field-phone forminator-col forminator-col-12 \"><div class=\"forminator-field\"><label for=\"forminator-field-phone-1_69dfdda31c83b\" id=\"forminator-field-phone-1_69dfdda31c83b-label\" class=\"forminator-label\">Num\u00e9ro de t\u00e9l\u00e9phone<\/label><input type=\"text\" name=\"phone-1\" value=\"\" placeholder=\"Par exemple\u00a0: +1 02 03 04 05\" id=\"forminator-field-phone-1_69dfdda31c83b\" class=\"forminator-input forminator-field--phone\" data-required=\"\" aria-required=\"false\" autocomplete=\"off\" \/><\/div><\/div><\/div><div class=\"forminator-row\"><div id=\"textarea-1\" class=\"forminator-field-textarea forminator-col forminator-col-12 \"><div class=\"forminator-field\"><label for=\"forminator-field-textarea-1_69dfdda31c83b\" id=\"forminator-field-textarea-1_69dfdda31c83b-label\" class=\"forminator-label\">Message<\/label><textarea name=\"textarea-1\" placeholder=\"Saisissez votre message\u2026\" id=\"forminator-field-textarea-1_69dfdda31c83b\" class=\"forminator-textarea\" rows=\"6\" style=\"min-height:140px;\" maxlength=\"180\" ><\/textarea><span id=\"forminator-field-textarea-1_69dfdda31c83b-description\" class=\"forminator-description\"><span data-limit=\"180\" data-type=\"characters\">0 \/ 180<\/span><\/span><\/div><\/div><\/div><input type=\"hidden\" name=\"referer_url\" value=\"\" \/><div class=\"forminator-row forminator-row-last\"><div class=\"forminator-col\"><div class=\"forminator-field\"><button class=\"forminator-button forminator-button-submit\">Envoyer le message<\/button><\/div><\/div><\/div><input type=\"hidden\" id=\"forminator_nonce\" name=\"forminator_nonce\" value=\"84a557b8ee\" \/><input type=\"hidden\" name=\"_wp_http_referer\" value=\"\/index.php\/wp-json\/wp\/v2\/pages\/604\" \/><input type=\"hidden\" name=\"form_id\" value=\"765\"><input type=\"hidden\" name=\"page_id\" value=\"604\"><input type=\"hidden\" name=\"form_type\" value=\"default\"><input type=\"hidden\" name=\"current_url\" value=\"https:\/\/akendeba.com\/index.php\/contacts\/\"><input type=\"hidden\" name=\"render_id\" value=\"0\"><input type=\"hidden\" name=\"action\" value=\"forminator_submit_form_custom-forms\"><\/form><\/div>\n","protected":false},"excerpt":{"rendered":"","protected":false},"author":1,"featured_media":0,"parent":0,"menu_order":0,"comment_status":"closed","ping_status":"closed","template":"","meta":{"content-type":"","footnotes":""},"class_list":["post-604","page","type-page","status-publish","hentry"],"yoast_head":"<!-- This site is optimized with the Yoast SEO plugin v23.3 - https:\/\/yoast.com\/wordpress\/plugins\/seo\/ -->\n<title>Contacts - Akendeba | Web Analyse | C\u00f4te d&#039;ivoire | Abidjan | Web Analytics | Ecommerce<\/title>\n<meta name=\"robots\" content=\"index, follow, max-snippet:-1, max-image-preview:large, max-video-preview:-1\" \/>\n<link rel=\"canonical\" href=\"https:\/\/akendeba.com\/index.php\/contacts\/\" \/>\n<meta property=\"og:locale\" content=\"fr_FR\" \/>\n<meta property=\"og:type\" content=\"article\" \/>\n<meta property=\"og:title\" content=\"Contacts - Akendeba | Web Analyse | C\u00f4te d&#039;ivoire | Abidjan | Web Analytics | Ecommerce\" \/>\n<meta property=\"og:url\" content=\"https:\/\/akendeba.com\/index.php\/contacts\/\" \/>\n<meta property=\"og:site_name\" content=\"Akendeba | Web Analyse | C\u00f4te d&#039;ivoire | Abidjan | Web Analytics | Ecommerce\" \/>\n<meta property=\"article:publisher\" content=\"https:\/\/www.facebook.com\/profile.php?id=100079108060847\" \/>\n<meta property=\"article:modified_time\" content=\"2024-08-23T10:19:56+00:00\" \/>\n<meta name=\"twitter:card\" content=\"summary_large_image\" \/>\n<meta name=\"twitter:label1\" content=\"Dur\u00e9e de lecture estim\u00e9e\" \/>\n\t<meta name=\"twitter:data1\" content=\"1 minute\" \/>\n<script type=\"application\/ld+json\" class=\"yoast-schema-graph\">{\"@context\":\"https:\/\/schema.org\",\"@graph\":[{\"@type\":\"WebPage\",\"@id\":\"https:\/\/akendeba.com\/index.php\/contacts\/\",\"url\":\"https:\/\/akendeba.com\/index.php\/contacts\/\",\"name\":\"Contacts - Akendeba | Web Analyse | C\u00f4te d&#039;ivoire | Abidjan | Web Analytics | Ecommerce\",\"isPartOf\":{\"@id\":\"https:\/\/akendeba.com\/#website\"},\"datePublished\":\"2021-09-23T18:48:52+00:00\",\"dateModified\":\"2024-08-23T10:19:56+00:00\",\"breadcrumb\":{\"@id\":\"https:\/\/akendeba.com\/index.php\/contacts\/#breadcrumb\"},\"inLanguage\":\"fr-FR\",\"potentialAction\":[{\"@type\":\"ReadAction\",\"target\":[\"https:\/\/akendeba.com\/index.php\/contacts\/\"]}]},{\"@type\":\"BreadcrumbList\",\"@id\":\"https:\/\/akendeba.com\/index.php\/contacts\/#breadcrumb\",\"itemListElement\":[{\"@type\":\"ListItem\",\"position\":1,\"name\":\"Accueil\",\"item\":\"https:\/\/akendeba.com\/\"},{\"@type\":\"ListItem\",\"position\":2,\"name\":\"Contacts\"}]},{\"@type\":\"WebSite\",\"@id\":\"https:\/\/akendeba.com\/#website\",\"url\":\"https:\/\/akendeba.com\/\",\"name\":\"Akendeba | Web Analyse | C\u00f4te d'ivoire | Abidjan | Web Analytics | Ecommerce\",\"description\":\"Boostez votre transformation digitale avec des services sur mesure en web analyse, gestion de trafic et tracking.\",\"publisher\":{\"@id\":\"https:\/\/akendeba.com\/#organization\"},\"potentialAction\":[{\"@type\":\"SearchAction\",\"target\":{\"@type\":\"EntryPoint\",\"urlTemplate\":\"https:\/\/akendeba.com\/?s={search_term_string}\"},\"query-input\":\"required name=search_term_string\"}],\"inLanguage\":\"fr-FR\"},{\"@type\":\"Organization\",\"@id\":\"https:\/\/akendeba.com\/#organization\",\"name\":\"Akendeba | Web Analyse | C\u00f4te d'ivoire | Abidjan | Web Analytics | Ecommerce | Tracking\",\"alternateName\":\"Akendeba | Web Analyse | Tracking |C\u00f4te d'ivoire | Abidjan\",\"url\":\"https:\/\/akendeba.com\/\",\"logo\":{\"@type\":\"ImageObject\",\"inLanguage\":\"fr-FR\",\"@id\":\"https:\/\/akendeba.com\/#\/schema\/logo\/image\/\",\"url\":\"https:\/\/akendeba.com\/wp-content\/uploads\/2024\/08\/Akendeba-3_logo.png\",\"contentUrl\":\"https:\/\/akendeba.com\/wp-content\/uploads\/2024\/08\/Akendeba-3_logo.png\",\"width\":500,\"height\":500,\"caption\":\"Akendeba | Web Analyse | C\u00f4te d'ivoire | Abidjan | Web Analytics | Ecommerce | Tracking\"},\"image\":{\"@id\":\"https:\/\/akendeba.com\/#\/schema\/logo\/image\/\"},\"sameAs\":[\"https:\/\/www.facebook.com\/profile.php?id=100079108060847\"]}]}<\/script>\n<!-- \/ Yoast SEO plugin. -->","yoast_head_json":{"title":"Contacts - Akendeba | Web Analyse | C\u00f4te d&#039;ivoire | Abidjan | Web Analytics | Ecommerce","robots":{"index":"index","follow":"follow","max-snippet":"max-snippet:-1","max-image-preview":"max-image-preview:large","max-video-preview":"max-video-preview:-1"},"canonical":"https:\/\/akendeba.com\/index.php\/contacts\/","og_locale":"fr_FR","og_type":"article","og_title":"Contacts - Akendeba | Web Analyse | C\u00f4te d&#039;ivoire | Abidjan | Web Analytics | Ecommerce","og_url":"https:\/\/akendeba.com\/index.php\/contacts\/","og_site_name":"Akendeba | Web Analyse | C\u00f4te d&#039;ivoire | Abidjan | Web Analytics | Ecommerce","article_publisher":"https:\/\/www.facebook.com\/profile.php?id=100079108060847","article_modified_time":"2024-08-23T10:19:56+00:00","twitter_card":"summary_large_image","twitter_misc":{"Dur\u00e9e de lecture estim\u00e9e":"1 minute"},"schema":{"@context":"https:\/\/schema.org","@graph":[{"@type":"WebPage","@id":"https:\/\/akendeba.com\/index.php\/contacts\/","url":"https:\/\/akendeba.com\/index.php\/contacts\/","name":"Contacts - Akendeba | Web Analyse | C\u00f4te d&#039;ivoire | Abidjan | Web Analytics | Ecommerce","isPartOf":{"@id":"https:\/\/akendeba.com\/#website"},"datePublished":"2021-09-23T18:48:52+00:00","dateModified":"2024-08-23T10:19:56+00:00","breadcrumb":{"@id":"https:\/\/akendeba.com\/index.php\/contacts\/#breadcrumb"},"inLanguage":"fr-FR","potentialAction":[{"@type":"ReadAction","target":["https:\/\/akendeba.com\/index.php\/contacts\/"]}]},{"@type":"BreadcrumbList","@id":"https:\/\/akendeba.com\/index.php\/contacts\/#breadcrumb","itemListElement":[{"@type":"ListItem","position":1,"name":"Accueil","item":"https:\/\/akendeba.com\/"},{"@type":"ListItem","position":2,"name":"Contacts"}]},{"@type":"WebSite","@id":"https:\/\/akendeba.com\/#website","url":"https:\/\/akendeba.com\/","name":"Akendeba | Web Analyse | C\u00f4te d'ivoire | Abidjan | Web Analytics | Ecommerce","description":"Boostez votre transformation digitale avec des services sur mesure en web analyse, gestion de trafic et tracking.","publisher":{"@id":"https:\/\/akendeba.com\/#organization"},"potentialAction":[{"@type":"SearchAction","target":{"@type":"EntryPoint","urlTemplate":"https:\/\/akendeba.com\/?s={search_term_string}"},"query-input":"required name=search_term_string"}],"inLanguage":"fr-FR"},{"@type":"Organization","@id":"https:\/\/akendeba.com\/#organization","name":"Akendeba | Web Analyse | C\u00f4te d'ivoire | Abidjan | Web Analytics | Ecommerce | Tracking","alternateName":"Akendeba | Web Analyse | Tracking |C\u00f4te d'ivoire | Abidjan","url":"https:\/\/akendeba.com\/","logo":{"@type":"ImageObject","inLanguage":"fr-FR","@id":"https:\/\/akendeba.com\/#\/schema\/logo\/image\/","url":"https:\/\/akendeba.com\/wp-content\/uploads\/2024\/08\/Akendeba-3_logo.png","contentUrl":"https:\/\/akendeba.com\/wp-content\/uploads\/2024\/08\/Akendeba-3_logo.png","width":500,"height":500,"caption":"Akendeba | Web Analyse | C\u00f4te d'ivoire | Abidjan | Web Analytics | Ecommerce | Tracking"},"image":{"@id":"https:\/\/akendeba.com\/#\/schema\/logo\/image\/"},"sameAs":["https:\/\/www.facebook.com\/profile.php?id=100079108060847"]}]}},"_links":{"self":[{"href":"https:\/\/akendeba.com\/index.php\/wp-json\/wp\/v2\/pages\/604"}],"collection":[{"href":"https:\/\/akendeba.com\/index.php\/wp-json\/wp\/v2\/pages"}],"about":[{"href":"https:\/\/akendeba.com\/index.php\/wp-json\/wp\/v2\/types\/page"}],"author":[{"embeddable":true,"href":"https:\/\/akendeba.com\/index.php\/wp-json\/wp\/v2\/users\/1"}],"replies":[{"embeddable":true,"href":"https:\/\/akendeba.com\/index.php\/wp-json\/wp\/v2\/comments?post=604"}],"version-history":[{"count":6,"href":"https:\/\/akendeba.com\/index.php\/wp-json\/wp\/v2\/pages\/604\/revisions"}],"predecessor-version":[{"id":774,"href":"https:\/\/akendeba.com\/index.php\/wp-json\/wp\/v2\/pages\/604\/revisions\/774"}],"wp:attachment":[{"href":"https:\/\/akendeba.com\/index.php\/wp-json\/wp\/v2\/media?parent=604"}],"curies":[{"name":"wp","href":"https:\/\/api.w.org\/{rel}","templated":true}]}}