{"id":600,"date":"2021-09-23T20:47:57","date_gmt":"2021-09-23T18:47:57","guid":{"rendered":"https:\/\/akendeba.com\/?page_id=600"},"modified":"2024-08-23T12:19:13","modified_gmt":"2024-08-23T10:19:13","slug":"qui-sommes-nous","status":"publish","type":"page","link":"https:\/\/akendeba.com\/index.php\/qui-sommes-nous\/","title":{"rendered":"Qui sommes nous ?"},"content":{"rendered":"\n<p><strong>Akendeba : Notre Guide d&rsquo;Excellence en Analyse Web depuis Avril 2023<\/strong><\/p>\n\n\n\n<hr class=\"wp-block-separator has-alpha-channel-opacity\"\/>\n\n\n\n<p>Dans l&rsquo;univers num\u00e9rique en constante \u00e9volution, l&rsquo;analyse web est le socle du succ\u00e8s en ligne. Nous, chez Akendeba, avons fond\u00e9 notre cabinet en avril 2023. Nous sommes deux web analystes chevronn\u00e9s originaires de la C\u00f4te d&rsquo;Ivoire, et nous sommes rapidement devenus une r\u00e9f\u00e9rence \u00e9mergente dans le domaine. Avec plus de cinq ans d&rsquo;exp\u00e9rience en <strong>France<\/strong>, une expertise pr\u00e9cieuse dans la gestion de comptes internationaux, et un engagement profond en <strong>C\u00f4te d&rsquo;Ivoire<\/strong>, nous sommes pr\u00eats \u00e0 propulser votre entreprise vers de nouveaux sommets en ligne.<\/p>\n\n\n\n<p><strong>Notre Expertise \u00c9prouv\u00e9e en France et au-Del\u00e0<\/strong><\/p>\n\n\n\n<p>Notre vaste exp\u00e9rience sur le territoire fran\u00e7ais est un atout majeur. Ayant travaill\u00e9 sur une vari\u00e9t\u00e9 de projets et collabor\u00e9 avec divers clients, nous comprenons parfaitement les subtilit\u00e9s du march\u00e9 fran\u00e7ais. Notre connaissance des tendances locales et notre capacit\u00e9 \u00e0 travailler avec des entreprises internationales font de nous un partenaire de choix.<\/p>\n\n\n\n<p><strong>Une Approche Ax\u00e9e sur les Comptes Internationaux<\/strong><\/p>\n\n\n\n<p>Nous ne nous limitons pas aux fronti\u00e8res fran\u00e7aises. Notre expertise s&rsquo;\u00e9tend au-del\u00e0, ayant travaill\u00e9 avec des comptes internationaux. Cette exp\u00e9rience diversifi\u00e9e signifie que nous sommes parfaitement \u00e9quip\u00e9s pour r\u00e9pondre aux besoins uniques des entreprises qui op\u00e8rent sur la sc\u00e8ne mondiale.<\/p>\n\n\n\n<p><strong>Un Engagement Profond en C\u00f4te d&rsquo;Ivoire<\/strong><\/p>\n\n\n\n<p>Nous avons des racines profondes en C\u00f4te d&rsquo;Ivoire, notre lieu de naissance. En tant que cabinet de conseil local, nous sommes profond\u00e9ment investis dans la r\u00e9ussite des entreprises ivoiriennes. Nous comprenons les particularit\u00e9s du march\u00e9 ivoirien et sommes d\u00e9termin\u00e9s \u00e0 apporter notre expertise pour aider les entreprises locales \u00e0 prosp\u00e9rer en ligne.<\/p>\n\n\n\n<p><strong>Collaboration avec les Entreprises Locales et Africaines<\/strong><\/p>\n\n\n\n<p>Notre vision est claire : travailler main dans la main avec les entreprises locales et africaines pour les aider \u00e0 s&rsquo;\u00e9panouir sur la sc\u00e8ne internationale. Nous avons la volont\u00e9 de renforcer les capacit\u00e9s des entreprises en C\u00f4te d&rsquo;Ivoire et dans toute l&rsquo;Afrique, en fournissant des analyses web de qualit\u00e9, des recommandations strat\u00e9giques pertinentes et des formations sur mesure.<\/p>\n\n\n\n<p><\/p>\n","protected":false},"excerpt":{"rendered":"<p>Akendeba : Notre Guide d&rsquo;Excellence en Analyse Web depuis Avril 2023 Dans l&rsquo;univers num\u00e9rique en constante \u00e9volution, l&rsquo;analyse web est le socle du succ\u00e8s en ligne. Nous, chez Akendeba, avons fond\u00e9 notre cabinet en avril 2023. Nous sommes deux web analystes chevronn\u00e9s originaires de la C\u00f4te d&rsquo;Ivoire, et nous sommes rapidement devenus une r\u00e9f\u00e9rence \u00e9mergente [&hellip;]<\/p>\n","protected":false},"author":1,"featured_media":0,"parent":0,"menu_order":0,"comment_status":"closed","ping_status":"closed","template":"","meta":{"content-type":"","footnotes":""},"class_list":["post-600","page","type-page","status-publish","hentry"],"yoast_head":"<!-- This site is optimized with the Yoast SEO plugin v23.3 - https:\/\/yoast.com\/wordpress\/plugins\/seo\/ -->\n<title>Qui sommes nous ? - Akendeba | Web Analyse | C\u00f4te d&#039;ivoire | Abidjan | Web Analytics | Ecommerce<\/title>\n<meta name=\"robots\" content=\"index, follow, max-snippet:-1, max-image-preview:large, max-video-preview:-1\" \/>\n<link rel=\"canonical\" href=\"https:\/\/akendeba.com\/index.php\/qui-sommes-nous\/\" \/>\n<meta property=\"og:locale\" content=\"fr_FR\" \/>\n<meta property=\"og:type\" content=\"article\" \/>\n<meta property=\"og:title\" content=\"Qui sommes nous ? - Akendeba | Web Analyse | C\u00f4te d&#039;ivoire | Abidjan | Web Analytics | Ecommerce\" \/>\n<meta property=\"og:description\" content=\"Akendeba : Notre Guide d&rsquo;Excellence en Analyse Web depuis Avril 2023 Dans l&rsquo;univers num\u00e9rique en constante \u00e9volution, l&rsquo;analyse web est le socle du succ\u00e8s en ligne. Nous, chez Akendeba, avons fond\u00e9 notre cabinet en avril 2023. Nous sommes deux web analystes chevronn\u00e9s originaires de la C\u00f4te d&rsquo;Ivoire, et nous sommes rapidement devenus une r\u00e9f\u00e9rence \u00e9mergente [&hellip;]\" \/>\n<meta property=\"og:url\" content=\"https:\/\/akendeba.com\/index.php\/qui-sommes-nous\/\" \/>\n<meta property=\"og:site_name\" content=\"Akendeba | Web Analyse | C\u00f4te d&#039;ivoire | Abidjan | Web Analytics | Ecommerce\" \/>\n<meta property=\"article:publisher\" content=\"https:\/\/www.facebook.com\/profile.php?id=100079108060847\" \/>\n<meta property=\"article:modified_time\" content=\"2024-08-23T10:19:13+00:00\" \/>\n<meta name=\"twitter:card\" content=\"summary_large_image\" \/>\n<meta name=\"twitter:label1\" content=\"Dur\u00e9e de lecture estim\u00e9e\" \/>\n\t<meta name=\"twitter:data1\" content=\"2 minutes\" \/>\n<script type=\"application\/ld+json\" class=\"yoast-schema-graph\">{\"@context\":\"https:\/\/schema.org\",\"@graph\":[{\"@type\":\"WebPage\",\"@id\":\"https:\/\/akendeba.com\/index.php\/qui-sommes-nous\/\",\"url\":\"https:\/\/akendeba.com\/index.php\/qui-sommes-nous\/\",\"name\":\"Qui sommes nous ? - Akendeba | Web Analyse | C\u00f4te d&#039;ivoire | Abidjan | Web Analytics | Ecommerce\",\"isPartOf\":{\"@id\":\"https:\/\/akendeba.com\/#website\"},\"datePublished\":\"2021-09-23T18:47:57+00:00\",\"dateModified\":\"2024-08-23T10:19:13+00:00\",\"breadcrumb\":{\"@id\":\"https:\/\/akendeba.com\/index.php\/qui-sommes-nous\/#breadcrumb\"},\"inLanguage\":\"fr-FR\",\"potentialAction\":[{\"@type\":\"ReadAction\",\"target\":[\"https:\/\/akendeba.com\/index.php\/qui-sommes-nous\/\"]}]},{\"@type\":\"BreadcrumbList\",\"@id\":\"https:\/\/akendeba.com\/index.php\/qui-sommes-nous\/#breadcrumb\",\"itemListElement\":[{\"@type\":\"ListItem\",\"position\":1,\"name\":\"Accueil\",\"item\":\"https:\/\/akendeba.com\/\"},{\"@type\":\"ListItem\",\"position\":2,\"name\":\"Qui sommes nous ?\"}]},{\"@type\":\"WebSite\",\"@id\":\"https:\/\/akendeba.com\/#website\",\"url\":\"https:\/\/akendeba.com\/\",\"name\":\"Akendeba | Web Analyse | C\u00f4te d'ivoire | Abidjan | Web Analytics | Ecommerce\",\"description\":\"Boostez votre transformation digitale avec des services sur mesure en web analyse, gestion de trafic et tracking.\",\"publisher\":{\"@id\":\"https:\/\/akendeba.com\/#organization\"},\"potentialAction\":[{\"@type\":\"SearchAction\",\"target\":{\"@type\":\"EntryPoint\",\"urlTemplate\":\"https:\/\/akendeba.com\/?s={search_term_string}\"},\"query-input\":\"required name=search_term_string\"}],\"inLanguage\":\"fr-FR\"},{\"@type\":\"Organization\",\"@id\":\"https:\/\/akendeba.com\/#organization\",\"name\":\"Akendeba | Web Analyse | C\u00f4te d'ivoire | Abidjan | Web Analytics | Ecommerce | Tracking\",\"alternateName\":\"Akendeba | Web Analyse | Tracking |C\u00f4te d'ivoire | Abidjan\",\"url\":\"https:\/\/akendeba.com\/\",\"logo\":{\"@type\":\"ImageObject\",\"inLanguage\":\"fr-FR\",\"@id\":\"https:\/\/akendeba.com\/#\/schema\/logo\/image\/\",\"url\":\"https:\/\/akendeba.com\/wp-content\/uploads\/2024\/08\/Akendeba-3_logo.png\",\"contentUrl\":\"https:\/\/akendeba.com\/wp-content\/uploads\/2024\/08\/Akendeba-3_logo.png\",\"width\":500,\"height\":500,\"caption\":\"Akendeba | Web Analyse | C\u00f4te d'ivoire | Abidjan | Web Analytics | Ecommerce | Tracking\"},\"image\":{\"@id\":\"https:\/\/akendeba.com\/#\/schema\/logo\/image\/\"},\"sameAs\":[\"https:\/\/www.facebook.com\/profile.php?id=100079108060847\"]}]}<\/script>\n<!-- \/ Yoast SEO plugin. -->","yoast_head_json":{"title":"Qui sommes nous ? - Akendeba | Web Analyse | C\u00f4te d&#039;ivoire | Abidjan | Web Analytics | Ecommerce","robots":{"index":"index","follow":"follow","max-snippet":"max-snippet:-1","max-image-preview":"max-image-preview:large","max-video-preview":"max-video-preview:-1"},"canonical":"https:\/\/akendeba.com\/index.php\/qui-sommes-nous\/","og_locale":"fr_FR","og_type":"article","og_title":"Qui sommes nous ? - Akendeba | Web Analyse | C\u00f4te d&#039;ivoire | Abidjan | Web Analytics | Ecommerce","og_description":"Akendeba : Notre Guide d&rsquo;Excellence en Analyse Web depuis Avril 2023 Dans l&rsquo;univers num\u00e9rique en constante \u00e9volution, l&rsquo;analyse web est le socle du succ\u00e8s en ligne. Nous, chez Akendeba, avons fond\u00e9 notre cabinet en avril 2023. Nous sommes deux web analystes chevronn\u00e9s originaires de la C\u00f4te d&rsquo;Ivoire, et nous sommes rapidement devenus une r\u00e9f\u00e9rence \u00e9mergente [&hellip;]","og_url":"https:\/\/akendeba.com\/index.php\/qui-sommes-nous\/","og_site_name":"Akendeba | Web Analyse | C\u00f4te d&#039;ivoire | Abidjan | Web Analytics | Ecommerce","article_publisher":"https:\/\/www.facebook.com\/profile.php?id=100079108060847","article_modified_time":"2024-08-23T10:19:13+00:00","twitter_card":"summary_large_image","twitter_misc":{"Dur\u00e9e de lecture estim\u00e9e":"2 minutes"},"schema":{"@context":"https:\/\/schema.org","@graph":[{"@type":"WebPage","@id":"https:\/\/akendeba.com\/index.php\/qui-sommes-nous\/","url":"https:\/\/akendeba.com\/index.php\/qui-sommes-nous\/","name":"Qui sommes nous ? - Akendeba | Web Analyse | C\u00f4te d&#039;ivoire | Abidjan | Web Analytics | Ecommerce","isPartOf":{"@id":"https:\/\/akendeba.com\/#website"},"datePublished":"2021-09-23T18:47:57+00:00","dateModified":"2024-08-23T10:19:13+00:00","breadcrumb":{"@id":"https:\/\/akendeba.com\/index.php\/qui-sommes-nous\/#breadcrumb"},"inLanguage":"fr-FR","potentialAction":[{"@type":"ReadAction","target":["https:\/\/akendeba.com\/index.php\/qui-sommes-nous\/"]}]},{"@type":"BreadcrumbList","@id":"https:\/\/akendeba.com\/index.php\/qui-sommes-nous\/#breadcrumb","itemListElement":[{"@type":"ListItem","position":1,"name":"Accueil","item":"https:\/\/akendeba.com\/"},{"@type":"ListItem","position":2,"name":"Qui sommes nous ?"}]},{"@type":"WebSite","@id":"https:\/\/akendeba.com\/#website","url":"https:\/\/akendeba.com\/","name":"Akendeba | Web Analyse | C\u00f4te d'ivoire | Abidjan | Web Analytics | Ecommerce","description":"Boostez votre transformation digitale avec des services sur mesure en web analyse, gestion de trafic et tracking.","publisher":{"@id":"https:\/\/akendeba.com\/#organization"},"potentialAction":[{"@type":"SearchAction","target":{"@type":"EntryPoint","urlTemplate":"https:\/\/akendeba.com\/?s={search_term_string}"},"query-input":"required name=search_term_string"}],"inLanguage":"fr-FR"},{"@type":"Organization","@id":"https:\/\/akendeba.com\/#organization","name":"Akendeba | Web Analyse | C\u00f4te d'ivoire | Abidjan | Web Analytics | Ecommerce | Tracking","alternateName":"Akendeba | Web Analyse | Tracking |C\u00f4te d'ivoire | Abidjan","url":"https:\/\/akendeba.com\/","logo":{"@type":"ImageObject","inLanguage":"fr-FR","@id":"https:\/\/akendeba.com\/#\/schema\/logo\/image\/","url":"https:\/\/akendeba.com\/wp-content\/uploads\/2024\/08\/Akendeba-3_logo.png","contentUrl":"https:\/\/akendeba.com\/wp-content\/uploads\/2024\/08\/Akendeba-3_logo.png","width":500,"height":500,"caption":"Akendeba | Web Analyse | C\u00f4te d'ivoire | Abidjan | Web Analytics | Ecommerce | Tracking"},"image":{"@id":"https:\/\/akendeba.com\/#\/schema\/logo\/image\/"},"sameAs":["https:\/\/www.facebook.com\/profile.php?id=100079108060847"]}]}},"_links":{"self":[{"href":"https:\/\/akendeba.com\/index.php\/wp-json\/wp\/v2\/pages\/600"}],"collection":[{"href":"https:\/\/akendeba.com\/index.php\/wp-json\/wp\/v2\/pages"}],"about":[{"href":"https:\/\/akendeba.com\/index.php\/wp-json\/wp\/v2\/types\/page"}],"author":[{"embeddable":true,"href":"https:\/\/akendeba.com\/index.php\/wp-json\/wp\/v2\/users\/1"}],"replies":[{"embeddable":true,"href":"https:\/\/akendeba.com\/index.php\/wp-json\/wp\/v2\/comments?post=600"}],"version-history":[{"count":7,"href":"https:\/\/akendeba.com\/index.php\/wp-json\/wp\/v2\/pages\/600\/revisions"}],"predecessor-version":[{"id":772,"href":"https:\/\/akendeba.com\/index.php\/wp-json\/wp\/v2\/pages\/600\/revisions\/772"}],"wp:attachment":[{"href":"https:\/\/akendeba.com\/index.php\/wp-json\/wp\/v2\/media?parent=600"}],"curies":[{"name":"wp","href":"https:\/\/api.w.org\/{rel}","templated":true}]}}