{"id":402,"date":"2021-07-29T20:56:02","date_gmt":"2021-07-29T18:56:02","guid":{"rendered":"https:\/\/akendeba.com\/?page_id=402"},"modified":"2024-08-23T11:52:30","modified_gmt":"2024-08-23T09:52:30","slug":"akendeba-web-analyse-tracking","status":"publish","type":"page","link":"https:\/\/akendeba.com\/","title":{"rendered":"Home page"},"content":{"rendered":"<h1>Bienvenue chez Akendeba<\/h1>\n<p>Votre Excellence en Web Analyse<\/p>\n<section>\n<h2>Nos Services<\/h2>\n<div>\n<h3>Analyse Web Approfondie<\/h3>\n<p>Notre \u00e9quipe d&rsquo;experts Akendeba excelle dans l&rsquo;analyse approfondie des donn\u00e9es pour vous fournir des informations pr\u00e9cieuses sur le comportement de votre public en ligne.<\/p>\n<\/div>\n<div>\n<h3>Strat\u00e9gies Personnalis\u00e9es<\/h3>\n<p>Nous croyons que chaque entreprise est unique. C&rsquo;est pourquoi nous d\u00e9veloppons des strat\u00e9gies personnalis\u00e9es pour r\u00e9pondre \u00e0 vos besoins sp\u00e9cifiques et atteindre vos objectifs.<\/p>\n<\/div>\n<div>\n<h3>Suivi en Temps R\u00e9el<\/h3>\n<p>Gr\u00e2ce \u00e0 des outils de suivi avanc\u00e9s, nous fournissons des donn\u00e9es en temps r\u00e9el pour vous aider \u00e0 prendre des d\u00e9cisions \u00e9clair\u00e9es.<\/p>\n<\/div>\n<div>\n<h3>Rapports Transparent<\/h3>\n<p>Nous croyons en la transparence. Nos rapports d\u00e9taill\u00e9s vous permettent de comprendre l&rsquo;impact de nos services sur votre entreprise.<\/p>\n<\/div>\n<\/section>\n<section>\n<h2>Pourquoi Choisir Akendeba ?<\/h2>\n<ul>\n<li>Expertise Technique de Pointe : Nos analystes web sont des experts qualifi\u00e9s dans l&rsquo;analyse de donn\u00e9es en ligne.<\/li>\n<li>Personnalisation : Nous adaptons nos services \u00e0 vos besoins sp\u00e9cifiques.<\/li>\n<li>Optimisation Continue : Nous ne nous contentons pas de r\u00e9sultats, nous nous effor\u00e7ons de les am\u00e9liorer constamment.<\/li>\n<li>R\u00e9sultats Mesurables : Les chiffres parlent d&rsquo;eux-m\u00eames, et nous nous engageons \u00e0 produire des r\u00e9sultats mesurables.<\/li>\n<\/ul>\n<\/section>\n<section><\/section>\n<section>\n<h2>Contactez-nous d\u00e8s Aujourd&rsquo;hui<\/h2>\n<p>Pr\u00eat \u00e0 propulser votre entreprise vers le succ\u00e8s en ligne ? Contactez Akendeba d\u00e8s aujourd&rsquo;hui pour discuter de vos besoins en mati\u00e8re d&rsquo;analyse web. Nous sommes l\u00e0 pour vous aider \u00e0 atteindre vos objectifs.<\/p>\n<p><a class=\"contact-button\" href=\".akendeba.com\/index.php\/contacts\/\" data-wplink-edit=\"true\">Contactez-nous<\/a><\/p>\n<\/section>\n<footer><!-- Pied de page (\u00e9ventuellement avec des liens ou des informations suppl\u00e9mentaires) --><\/footer>\n","protected":false},"excerpt":{"rendered":"<p>Bienvenue chez Akendeba Votre Excellence en Web Analyse Nos Services Analyse Web Approfondie Notre \u00e9quipe d&rsquo;experts Akendeba excelle dans l&rsquo;analyse approfondie des donn\u00e9es pour vous fournir des informations pr\u00e9cieuses sur le comportement de votre public en ligne. Strat\u00e9gies Personnalis\u00e9es Nous croyons que chaque entreprise est unique. C&rsquo;est pourquoi nous d\u00e9veloppons des strat\u00e9gies personnalis\u00e9es pour r\u00e9pondre [&hellip;]<\/p>\n","protected":false},"author":2,"featured_media":0,"parent":0,"menu_order":0,"comment_status":"closed","ping_status":"closed","template":"elementor_theme","meta":{"content-type":"","footnotes":""},"class_list":["post-402","page","type-page","status-publish","hentry"],"yoast_head":"<!-- This site is optimized with the Yoast SEO plugin v23.3 - https:\/\/yoast.com\/wordpress\/plugins\/seo\/ -->\n<title>Akendeba | Web Analyse | C\u00f4te d&#039;ivoire | Abidjan | Web Analytics | Ecommerce | Tracking<\/title>\n<meta name=\"description\" content=\"Services sur mesure en web analyse, gestion de trafic et tracking pour une transformation digitale optimale.Contactez-nous d\u00e8s aujourd&#039;hui!\" \/>\n<meta name=\"robots\" content=\"index, follow, max-snippet:-1, max-image-preview:large, max-video-preview:-1\" \/>\n<link rel=\"canonical\" href=\"https:\/\/akendeba.com\/\" \/>\n<meta property=\"og:locale\" content=\"fr_FR\" \/>\n<meta property=\"og:type\" content=\"article\" \/>\n<meta property=\"og:title\" content=\"Akendeba | Web Analyse | C\u00f4te d&#039;ivoire | Abidjan | Web Analytics | Ecommerce | Tracking\" \/>\n<meta property=\"og:description\" content=\"Services sur mesure en web analyse, gestion de trafic et tracking pour une transformation digitale optimale.Contactez-nous d\u00e8s aujourd&#039;hui!\" \/>\n<meta property=\"og:url\" content=\"https:\/\/akendeba.com\/\" \/>\n<meta property=\"og:site_name\" content=\"Akendeba | Web Analyse | C\u00f4te d&#039;ivoire | Abidjan | Web Analytics | Ecommerce\" \/>\n<meta property=\"article:publisher\" content=\"https:\/\/www.facebook.com\/profile.php?id=100079108060847\" \/>\n<meta property=\"article:modified_time\" content=\"2024-08-23T09:52:30+00:00\" \/>\n<meta name=\"twitter:card\" content=\"summary_large_image\" \/>\n<meta name=\"twitter:label1\" content=\"Dur\u00e9e de lecture estim\u00e9e\" \/>\n\t<meta name=\"twitter:data1\" content=\"2 minutes\" \/>\n<script type=\"application\/ld+json\" class=\"yoast-schema-graph\">{\"@context\":\"https:\/\/schema.org\",\"@graph\":[{\"@type\":\"WebPage\",\"@id\":\"https:\/\/akendeba.com\/\",\"url\":\"https:\/\/akendeba.com\/\",\"name\":\"Akendeba | Web Analyse | C\u00f4te d&#039;ivoire | Abidjan | Web Analytics | Ecommerce | Tracking\",\"isPartOf\":{\"@id\":\"https:\/\/akendeba.com\/#website\"},\"datePublished\":\"2021-07-29T18:56:02+00:00\",\"dateModified\":\"2024-08-23T09:52:30+00:00\",\"description\":\"Services sur mesure en web analyse, gestion de trafic et tracking pour une transformation digitale optimale.Contactez-nous d\u00e8s aujourd'hui!\",\"breadcrumb\":{\"@id\":\"https:\/\/akendeba.com\/#breadcrumb\"},\"inLanguage\":\"fr-FR\",\"potentialAction\":[{\"@type\":\"ReadAction\",\"target\":[\"https:\/\/akendeba.com\/\"]}]},{\"@type\":\"BreadcrumbList\",\"@id\":\"https:\/\/akendeba.com\/#breadcrumb\",\"itemListElement\":[{\"@type\":\"ListItem\",\"position\":1,\"name\":\"Accueil\",\"item\":\"https:\/\/akendeba.com\/\"},{\"@type\":\"ListItem\",\"position\":2,\"name\":\"Home page\"}]},{\"@type\":\"WebSite\",\"@id\":\"https:\/\/akendeba.com\/#website\",\"url\":\"https:\/\/akendeba.com\/\",\"name\":\"Akendeba | Web Analyse | C\u00f4te d'ivoire | Abidjan | Web Analytics | Ecommerce\",\"description\":\"Boostez votre transformation digitale avec des services sur mesure en web analyse, gestion de trafic et tracking.\",\"publisher\":{\"@id\":\"https:\/\/akendeba.com\/#organization\"},\"potentialAction\":[{\"@type\":\"SearchAction\",\"target\":{\"@type\":\"EntryPoint\",\"urlTemplate\":\"https:\/\/akendeba.com\/?s={search_term_string}\"},\"query-input\":\"required name=search_term_string\"}],\"inLanguage\":\"fr-FR\"},{\"@type\":\"Organization\",\"@id\":\"https:\/\/akendeba.com\/#organization\",\"name\":\"Akendeba | Web Analyse | C\u00f4te d'ivoire | Abidjan | Web Analytics | Ecommerce | Tracking\",\"alternateName\":\"Akendeba | Web Analyse | Tracking |C\u00f4te d'ivoire | Abidjan\",\"url\":\"https:\/\/akendeba.com\/\",\"logo\":{\"@type\":\"ImageObject\",\"inLanguage\":\"fr-FR\",\"@id\":\"https:\/\/akendeba.com\/#\/schema\/logo\/image\/\",\"url\":\"https:\/\/akendeba.com\/wp-content\/uploads\/2024\/08\/Akendeba-3_logo.png\",\"contentUrl\":\"https:\/\/akendeba.com\/wp-content\/uploads\/2024\/08\/Akendeba-3_logo.png\",\"width\":500,\"height\":500,\"caption\":\"Akendeba | Web Analyse | C\u00f4te d'ivoire | Abidjan | Web Analytics | Ecommerce | Tracking\"},\"image\":{\"@id\":\"https:\/\/akendeba.com\/#\/schema\/logo\/image\/\"},\"sameAs\":[\"https:\/\/www.facebook.com\/profile.php?id=100079108060847\"]}]}<\/script>\n<!-- \/ Yoast SEO plugin. -->","yoast_head_json":{"title":"Akendeba | Web Analyse | C\u00f4te d&#039;ivoire | Abidjan | Web Analytics | Ecommerce | Tracking","description":"Services sur mesure en web analyse, gestion de trafic et tracking pour une transformation digitale optimale.Contactez-nous d\u00e8s aujourd'hui!","robots":{"index":"index","follow":"follow","max-snippet":"max-snippet:-1","max-image-preview":"max-image-preview:large","max-video-preview":"max-video-preview:-1"},"canonical":"https:\/\/akendeba.com\/","og_locale":"fr_FR","og_type":"article","og_title":"Akendeba | Web Analyse | C\u00f4te d&#039;ivoire | Abidjan | Web Analytics | Ecommerce | Tracking","og_description":"Services sur mesure en web analyse, gestion de trafic et tracking pour une transformation digitale optimale.Contactez-nous d\u00e8s aujourd'hui!","og_url":"https:\/\/akendeba.com\/","og_site_name":"Akendeba | Web Analyse | C\u00f4te d&#039;ivoire | Abidjan | Web Analytics | Ecommerce","article_publisher":"https:\/\/www.facebook.com\/profile.php?id=100079108060847","article_modified_time":"2024-08-23T09:52:30+00:00","twitter_card":"summary_large_image","twitter_misc":{"Dur\u00e9e de lecture estim\u00e9e":"2 minutes"},"schema":{"@context":"https:\/\/schema.org","@graph":[{"@type":"WebPage","@id":"https:\/\/akendeba.com\/","url":"https:\/\/akendeba.com\/","name":"Akendeba | Web Analyse | C\u00f4te d&#039;ivoire | Abidjan | Web Analytics | Ecommerce | Tracking","isPartOf":{"@id":"https:\/\/akendeba.com\/#website"},"datePublished":"2021-07-29T18:56:02+00:00","dateModified":"2024-08-23T09:52:30+00:00","description":"Services sur mesure en web analyse, gestion de trafic et tracking pour une transformation digitale optimale.Contactez-nous d\u00e8s aujourd'hui!","breadcrumb":{"@id":"https:\/\/akendeba.com\/#breadcrumb"},"inLanguage":"fr-FR","potentialAction":[{"@type":"ReadAction","target":["https:\/\/akendeba.com\/"]}]},{"@type":"BreadcrumbList","@id":"https:\/\/akendeba.com\/#breadcrumb","itemListElement":[{"@type":"ListItem","position":1,"name":"Accueil","item":"https:\/\/akendeba.com\/"},{"@type":"ListItem","position":2,"name":"Home page"}]},{"@type":"WebSite","@id":"https:\/\/akendeba.com\/#website","url":"https:\/\/akendeba.com\/","name":"Akendeba | Web Analyse | C\u00f4te d'ivoire | Abidjan | Web Analytics | Ecommerce","description":"Boostez votre transformation digitale avec des services sur mesure en web analyse, gestion de trafic et tracking.","publisher":{"@id":"https:\/\/akendeba.com\/#organization"},"potentialAction":[{"@type":"SearchAction","target":{"@type":"EntryPoint","urlTemplate":"https:\/\/akendeba.com\/?s={search_term_string}"},"query-input":"required name=search_term_string"}],"inLanguage":"fr-FR"},{"@type":"Organization","@id":"https:\/\/akendeba.com\/#organization","name":"Akendeba | Web Analyse | C\u00f4te d'ivoire | Abidjan | Web Analytics | Ecommerce | Tracking","alternateName":"Akendeba | Web Analyse | Tracking |C\u00f4te d'ivoire | Abidjan","url":"https:\/\/akendeba.com\/","logo":{"@type":"ImageObject","inLanguage":"fr-FR","@id":"https:\/\/akendeba.com\/#\/schema\/logo\/image\/","url":"https:\/\/akendeba.com\/wp-content\/uploads\/2024\/08\/Akendeba-3_logo.png","contentUrl":"https:\/\/akendeba.com\/wp-content\/uploads\/2024\/08\/Akendeba-3_logo.png","width":500,"height":500,"caption":"Akendeba | Web Analyse | C\u00f4te d'ivoire | Abidjan | Web Analytics | Ecommerce | Tracking"},"image":{"@id":"https:\/\/akendeba.com\/#\/schema\/logo\/image\/"},"sameAs":["https:\/\/www.facebook.com\/profile.php?id=100079108060847"]}]}},"_links":{"self":[{"href":"https:\/\/akendeba.com\/index.php\/wp-json\/wp\/v2\/pages\/402"}],"collection":[{"href":"https:\/\/akendeba.com\/index.php\/wp-json\/wp\/v2\/pages"}],"about":[{"href":"https:\/\/akendeba.com\/index.php\/wp-json\/wp\/v2\/types\/page"}],"author":[{"embeddable":true,"href":"https:\/\/akendeba.com\/index.php\/wp-json\/wp\/v2\/users\/2"}],"replies":[{"embeddable":true,"href":"https:\/\/akendeba.com\/index.php\/wp-json\/wp\/v2\/comments?post=402"}],"version-history":[{"count":21,"href":"https:\/\/akendeba.com\/index.php\/wp-json\/wp\/v2\/pages\/402\/revisions"}],"predecessor-version":[{"id":760,"href":"https:\/\/akendeba.com\/index.php\/wp-json\/wp\/v2\/pages\/402\/revisions\/760"}],"wp:attachment":[{"href":"https:\/\/akendeba.com\/index.php\/wp-json\/wp\/v2\/media?parent=402"}],"curies":[{"name":"wp","href":"https:\/\/api.w.org\/{rel}","templated":true}]}}